{"id":8251,"date":"2018-10-26T10:28:09","date_gmt":"2018-10-26T14:28:09","guid":{"rendered":"https:\/\/laboiteabijoux.ca\/?page_id=8251"},"modified":"2020-03-19T15:34:38","modified_gmt":"2020-03-19T19:34:38","slug":"terms-conditions","status":"publish","type":"page","link":"https:\/\/laboiteabijoux.ca\/en\/terms-conditions\/","title":{"rendered":"Terms &#038; conditions"},"content":{"rendered":"<h3>Considerations:<\/h3>\n<ul>\n<li>La Bo\u00eete \u00e0 Bijoux specializes in the valuation, restoration, purchase and sale of used jewelry, old and contemporary. We do not offer any new jewel.<\/li>\n<li>Each gem was analyzed and evaluated by two gemologists (Canadian Gemmology Association &#8211; FCGmA, British Gemological Association &#8211; FGA and Gemological Institute of America &#8211; GIA) and certified assessors (Master Valuer International).<\/li>\n<li>Our jewelry is in good condition considering age and normal wear and tear. They have been cleaned and restored (metal and stones), in order to allow you to enjoy them proudly. The asking price takes into account the state of conservation. We are available to answer your questions before your purchase. We are aiming for a final sales policy.<\/li>\n<li>Since 2000, our store is located in Sillery neighborhood in Quebec City. As an independent boutique, we aim to build a business relationship with each of our valued customers &#8211; buyers and sellers.<\/li>\n<li>La Bo\u00eete \u00e0 Bijoux can change the price, and details of the description of items online, without further notification.<\/li>\n<li>Each item is presented in our shop and on our website. We put all our effort to keep our online store up to date.<\/li>\n<li>We use a high performance camera. Some colors may appear slightly different on your monitor.<\/li>\n<\/ul>\n<h4><strong>1. Payment<\/strong><\/h4>\n<p>We use the Paypal payment gateway, which is recognized and secure all over the world. For any other desired modality, you can contact us at info@laboiteabijoux.ca<\/p>\n<h4><strong>2. Prices and taxes<\/strong><\/h4>\n<p>Prices posted on www.laboiteabijoux.ca are in Canadian dollars, before taxes. Shipping costs are included unless otherwise stated. The price is payable in full and in one payment unless special authorization. For all shipments to Quebec, the GST and the QST are charged. For shipments to Canada, the GST is charged. For any shipment outside Canada, the consignee is responsible for customs and local taxes.<\/p>\n<h4><strong>3. Shipping costs<\/strong><\/h4>\n<p><strong>Free Shipping<\/strong> &#8211; This offer is valid in Canada for jewelry only. For expedited delivery, a special agreement can be made.<\/p>\n<p>We use Canada Post or FEDEX with signature and internet tracking. PO boxes are not accepted for delivery. We ship to Canada, the United States and the countries of the European Union.<\/p>\n<h4><strong>4. Delivery time<\/strong><\/h4>\n<p>Shipping time is 10 business days in Canada. For express delivery, a special agreement can be made.<\/p>\n<p>La Bo\u00eete \u00e0 Bijoux will, in no case, be held responsible for a delay in delivery attributable to the carrier. For your follow-up, we provide you with the tracking number of the carrier.<\/p>\n<h4><strong>5. Return and exchange<\/strong><\/h4>\n<p>All sales are final unless obtaining written authorization from La Bo\u00eete \u00e0 Bijoux. In the event of an error in La Bo\u00eete \u00e0 Bijoux, we commit to a full refund within 14 days of receiving the jewel. For any other reason, a credit will be issued for a future purchase for use in the following year. For additional information, please contact us.<\/p>\n<h4><strong>6. Jewel reservation<\/strong><\/h4>\n<p>Your reservation will be kept for <strong>7 days maximum<\/strong>.<\/p>\n","protected":false},"excerpt":{"rendered":"<p>Considerations: La Bo\u00eete \u00e0 Bijoux specializes in the valuation, restoration, purchase and sale of used jewelry, old and contemporary. We do not offer any new jewel. Each gem was analyzed and evaluated by two gemologists (Canadian Gemmology Association &#8211; FCGmA, British Gemological Association &#8211; FGA and Gemological Institute of America &#8211; GIA) and certified assessors<\/p>\n","protected":false},"author":2,"featured_media":0,"parent":0,"menu_order":0,"comment_status":"closed","ping_status":"closed","template":"","meta":{"footnotes":""},"class_list":["post-8251","page","type-page","status-publish","hentry"],"yoast_head":"<!-- This site is optimized with the Yoast SEO plugin v27.5 - https:\/\/yoast.com\/product\/yoast-seo-wordpress\/ -->\n<title>Terms &amp; conditions - La Bo\u00eete \u00e0 Bijoux<\/title>\n<meta name=\"robots\" content=\"index, follow, max-snippet:-1, max-image-preview:large, max-video-preview:-1\" \/>\n<link rel=\"canonical\" href=\"https:\/\/laboiteabijoux.ca\/en\/terms-conditions\/\" \/>\n<meta property=\"og:locale\" content=\"en_US\" \/>\n<meta property=\"og:type\" content=\"article\" \/>\n<meta property=\"og:title\" content=\"Terms &amp; conditions - La Bo\u00eete \u00e0 Bijoux\" \/>\n<meta property=\"og:description\" content=\"Considerations: La Bo\u00eete \u00e0 Bijoux specializes in the valuation, restoration, purchase and sale of used jewelry, old and contemporary. We do not offer any new jewel. Each gem was analyzed and evaluated by two gemologists (Canadian Gemmology Association &#8211; FCGmA, British Gemological Association &#8211; FGA and Gemological Institute of America &#8211; GIA) and certified assessors\" \/>\n<meta property=\"og:url\" content=\"https:\/\/laboiteabijoux.ca\/en\/terms-conditions\/\" \/>\n<meta property=\"og:site_name\" content=\"La Bo\u00eete \u00e0 Bijoux\" \/>\n<meta property=\"article:modified_time\" content=\"2020-03-19T19:34:38+00:00\" \/>\n<meta name=\"twitter:card\" content=\"summary_large_image\" \/>\n<meta name=\"twitter:label1\" content=\"Est. reading time\" \/>\n\t<meta name=\"twitter:data1\" content=\"2 minutes\" \/>\n<script type=\"application\/ld+json\" class=\"yoast-schema-graph\">{\"@context\":\"https:\\\/\\\/schema.org\",\"@graph\":[{\"@type\":\"WebPage\",\"@id\":\"https:\\\/\\\/laboiteabijoux.ca\\\/en\\\/terms-conditions\\\/\",\"url\":\"https:\\\/\\\/laboiteabijoux.ca\\\/en\\\/terms-conditions\\\/\",\"name\":\"Terms & conditions - La Bo\u00eete \u00e0 Bijoux\",\"isPartOf\":{\"@id\":\"https:\\\/\\\/laboiteabijoux.ca\\\/en\\\/#website\"},\"datePublished\":\"2018-10-26T14:28:09+00:00\",\"dateModified\":\"2020-03-19T19:34:38+00:00\",\"breadcrumb\":{\"@id\":\"https:\\\/\\\/laboiteabijoux.ca\\\/en\\\/terms-conditions\\\/#breadcrumb\"},\"inLanguage\":\"en-US\",\"potentialAction\":[{\"@type\":\"ReadAction\",\"target\":[\"https:\\\/\\\/laboiteabijoux.ca\\\/en\\\/terms-conditions\\\/\"]}]},{\"@type\":\"BreadcrumbList\",\"@id\":\"https:\\\/\\\/laboiteabijoux.ca\\\/en\\\/terms-conditions\\\/#breadcrumb\",\"itemListElement\":[{\"@type\":\"ListItem\",\"position\":1,\"name\":\"Accueil\",\"item\":\"https:\\\/\\\/laboiteabijoux.ca\\\/en\\\/\"},{\"@type\":\"ListItem\",\"position\":2,\"name\":\"Terms &#038; conditions\"}]},{\"@type\":\"WebSite\",\"@id\":\"https:\\\/\\\/laboiteabijoux.ca\\\/en\\\/#website\",\"url\":\"https:\\\/\\\/laboiteabijoux.ca\\\/en\\\/\",\"name\":\"La bo\u00eete \u00e0 bijoux\",\"description\":\"Bijoux d'occasion\",\"publisher\":{\"@id\":\"https:\\\/\\\/laboiteabijoux.ca\\\/en\\\/#organization\"},\"potentialAction\":[{\"@type\":\"SearchAction\",\"target\":{\"@type\":\"EntryPoint\",\"urlTemplate\":\"https:\\\/\\\/laboiteabijoux.ca\\\/en\\\/?s={search_term_string}\"},\"query-input\":{\"@type\":\"PropertyValueSpecification\",\"valueRequired\":true,\"valueName\":\"search_term_string\"}}],\"inLanguage\":\"en-US\"},{\"@type\":\"Organization\",\"@id\":\"https:\\\/\\\/laboiteabijoux.ca\\\/en\\\/#organization\",\"name\":\"La Bo\u00eete \u00e0 Bijoux\",\"url\":\"https:\\\/\\\/laboiteabijoux.ca\\\/en\\\/\",\"logo\":{\"@type\":\"ImageObject\",\"inLanguage\":\"en-US\",\"@id\":\"https:\\\/\\\/laboiteabijoux.ca\\\/en\\\/#\\\/schema\\\/logo\\\/image\\\/\",\"url\":\"https:\\\/\\\/laboiteabijoux.ca\\\/wp-content\\\/uploads\\\/2018\\\/11\\\/logo-boite-a-bijoux-courrie.jpg\",\"contentUrl\":\"https:\\\/\\\/laboiteabijoux.ca\\\/wp-content\\\/uploads\\\/2018\\\/11\\\/logo-boite-a-bijoux-courrie.jpg\",\"width\":340,\"height\":100,\"caption\":\"La Bo\u00eete \u00e0 Bijoux\"},\"image\":{\"@id\":\"https:\\\/\\\/laboiteabijoux.ca\\\/en\\\/#\\\/schema\\\/logo\\\/image\\\/\"}}]}<\/script>\n<!-- \/ Yoast SEO plugin. -->","yoast_head_json":{"title":"Terms & conditions - La Bo\u00eete \u00e0 Bijoux","robots":{"index":"index","follow":"follow","max-snippet":"max-snippet:-1","max-image-preview":"max-image-preview:large","max-video-preview":"max-video-preview:-1"},"canonical":"https:\/\/laboiteabijoux.ca\/en\/terms-conditions\/","og_locale":"en_US","og_type":"article","og_title":"Terms & conditions - La Bo\u00eete \u00e0 Bijoux","og_description":"Considerations: La Bo\u00eete \u00e0 Bijoux specializes in the valuation, restoration, purchase and sale of used jewelry, old and contemporary. We do not offer any new jewel. Each gem was analyzed and evaluated by two gemologists (Canadian Gemmology Association &#8211; FCGmA, British Gemological Association &#8211; FGA and Gemological Institute of America &#8211; GIA) and certified assessors","og_url":"https:\/\/laboiteabijoux.ca\/en\/terms-conditions\/","og_site_name":"La Bo\u00eete \u00e0 Bijoux","article_modified_time":"2020-03-19T19:34:38+00:00","twitter_card":"summary_large_image","twitter_misc":{"Est. reading time":"2 minutes"},"schema":{"@context":"https:\/\/schema.org","@graph":[{"@type":"WebPage","@id":"https:\/\/laboiteabijoux.ca\/en\/terms-conditions\/","url":"https:\/\/laboiteabijoux.ca\/en\/terms-conditions\/","name":"Terms & conditions - La Bo\u00eete \u00e0 Bijoux","isPartOf":{"@id":"https:\/\/laboiteabijoux.ca\/en\/#website"},"datePublished":"2018-10-26T14:28:09+00:00","dateModified":"2020-03-19T19:34:38+00:00","breadcrumb":{"@id":"https:\/\/laboiteabijoux.ca\/en\/terms-conditions\/#breadcrumb"},"inLanguage":"en-US","potentialAction":[{"@type":"ReadAction","target":["https:\/\/laboiteabijoux.ca\/en\/terms-conditions\/"]}]},{"@type":"BreadcrumbList","@id":"https:\/\/laboiteabijoux.ca\/en\/terms-conditions\/#breadcrumb","itemListElement":[{"@type":"ListItem","position":1,"name":"Accueil","item":"https:\/\/laboiteabijoux.ca\/en\/"},{"@type":"ListItem","position":2,"name":"Terms &#038; conditions"}]},{"@type":"WebSite","@id":"https:\/\/laboiteabijoux.ca\/en\/#website","url":"https:\/\/laboiteabijoux.ca\/en\/","name":"La bo\u00eete \u00e0 bijoux","description":"Bijoux d'occasion","publisher":{"@id":"https:\/\/laboiteabijoux.ca\/en\/#organization"},"potentialAction":[{"@type":"SearchAction","target":{"@type":"EntryPoint","urlTemplate":"https:\/\/laboiteabijoux.ca\/en\/?s={search_term_string}"},"query-input":{"@type":"PropertyValueSpecification","valueRequired":true,"valueName":"search_term_string"}}],"inLanguage":"en-US"},{"@type":"Organization","@id":"https:\/\/laboiteabijoux.ca\/en\/#organization","name":"La Bo\u00eete \u00e0 Bijoux","url":"https:\/\/laboiteabijoux.ca\/en\/","logo":{"@type":"ImageObject","inLanguage":"en-US","@id":"https:\/\/laboiteabijoux.ca\/en\/#\/schema\/logo\/image\/","url":"https:\/\/laboiteabijoux.ca\/wp-content\/uploads\/2018\/11\/logo-boite-a-bijoux-courrie.jpg","contentUrl":"https:\/\/laboiteabijoux.ca\/wp-content\/uploads\/2018\/11\/logo-boite-a-bijoux-courrie.jpg","width":340,"height":100,"caption":"La Bo\u00eete \u00e0 Bijoux"},"image":{"@id":"https:\/\/laboiteabijoux.ca\/en\/#\/schema\/logo\/image\/"}}]}},"_links":{"self":[{"href":"https:\/\/laboiteabijoux.ca\/en\/wp-json\/wp\/v2\/pages\/8251","targetHints":{"allow":["GET"]}}],"collection":[{"href":"https:\/\/laboiteabijoux.ca\/en\/wp-json\/wp\/v2\/pages"}],"about":[{"href":"https:\/\/laboiteabijoux.ca\/en\/wp-json\/wp\/v2\/types\/page"}],"author":[{"embeddable":true,"href":"https:\/\/laboiteabijoux.ca\/en\/wp-json\/wp\/v2\/users\/2"}],"replies":[{"embeddable":true,"href":"https:\/\/laboiteabijoux.ca\/en\/wp-json\/wp\/v2\/comments?post=8251"}],"version-history":[{"count":0,"href":"https:\/\/laboiteabijoux.ca\/en\/wp-json\/wp\/v2\/pages\/8251\/revisions"}],"wp:attachment":[{"href":"https:\/\/laboiteabijoux.ca\/en\/wp-json\/wp\/v2\/media?parent=8251"}],"curies":[{"name":"wp","href":"https:\/\/api.w.org\/{rel}","templated":true}]}}