{"id":7044,"date":"2018-09-19T09:19:31","date_gmt":"2018-09-19T13:19:31","guid":{"rendered":"https:\/\/laboiteabijoux.ca\/?page_id=7044"},"modified":"2018-10-19T14:39:24","modified_gmt":"2018-10-19T18:39:24","slug":"purchase","status":"publish","type":"page","link":"https:\/\/laboiteabijoux.ca\/en\/purchase\/","title":{"rendered":"Purchase"},"content":{"rendered":"<h3>Purchase of gold<\/h3>\n<p>At La Bo\u00eete \u00e0 Bijoux, after evaluation by one of our experts, if your gold jewelry is damaged and unfortunately not repairable for a reasonable cost compared to their values \u200b\u200bon the market, we could offer you to redeem them to the value of metal .<\/p>\n","protected":false},"excerpt":{"rendered":"<p>Purchase of gold At La Bo\u00eete \u00e0 Bijoux, after evaluation by one of our experts, if your gold jewelry is damaged and unfortunately not repairable for a reasonable cost compared to their values \u200b\u200bon the market, we could offer you to redeem them to the value of metal .<\/p>\n","protected":false},"author":2,"featured_media":7952,"parent":0,"menu_order":0,"comment_status":"closed","ping_status":"closed","template":"page-interieure.php","meta":{"footnotes":""},"class_list":["post-7044","page","type-page","status-publish","has-post-thumbnail","hentry"],"yoast_head":"<!-- This site is optimized with the Yoast SEO plugin v27.4 - https:\/\/yoast.com\/product\/yoast-seo-wordpress\/ -->\n<title>Purchase - La Bo\u00eete \u00e0 Bijoux<\/title>\n<meta name=\"robots\" content=\"index, follow, max-snippet:-1, max-image-preview:large, max-video-preview:-1\" \/>\n<link rel=\"canonical\" href=\"https:\/\/laboiteabijoux.ca\/en\/purchase\/\" \/>\n<meta property=\"og:locale\" content=\"en_US\" \/>\n<meta property=\"og:type\" content=\"article\" \/>\n<meta property=\"og:title\" content=\"Purchase - La Bo\u00eete \u00e0 Bijoux\" \/>\n<meta property=\"og:description\" content=\"Purchase of gold At La Bo\u00eete \u00e0 Bijoux, after evaluation by one of our experts, if your gold jewelry is damaged and unfortunately not repairable for a reasonable cost compared to their values \u200b\u200bon the market, we could offer you to redeem them to the value of metal .\" \/>\n<meta property=\"og:url\" content=\"https:\/\/laboiteabijoux.ca\/en\/purchase\/\" \/>\n<meta property=\"og:site_name\" content=\"La Bo\u00eete \u00e0 Bijoux\" \/>\n<meta property=\"article:modified_time\" content=\"2018-10-19T18:39:24+00:00\" \/>\n<meta property=\"og:image\" content=\"https:\/\/laboiteabijoux.ca\/wp-content\/uploads\/2018\/10\/or.jpg\" \/>\n\t<meta property=\"og:image:width\" content=\"570\" \/>\n\t<meta property=\"og:image:height\" content=\"387\" \/>\n\t<meta property=\"og:image:type\" content=\"image\/jpeg\" \/>\n<meta name=\"twitter:card\" content=\"summary_large_image\" \/>\n<script type=\"application\/ld+json\" class=\"yoast-schema-graph\">{\"@context\":\"https:\\\/\\\/schema.org\",\"@graph\":[{\"@type\":\"WebPage\",\"@id\":\"https:\\\/\\\/laboiteabijoux.ca\\\/en\\\/purchase\\\/\",\"url\":\"https:\\\/\\\/laboiteabijoux.ca\\\/en\\\/purchase\\\/\",\"name\":\"Purchase - La Bo\u00eete \u00e0 Bijoux\",\"isPartOf\":{\"@id\":\"https:\\\/\\\/laboiteabijoux.ca\\\/en\\\/#website\"},\"primaryImageOfPage\":{\"@id\":\"https:\\\/\\\/laboiteabijoux.ca\\\/en\\\/purchase\\\/#primaryimage\"},\"image\":{\"@id\":\"https:\\\/\\\/laboiteabijoux.ca\\\/en\\\/purchase\\\/#primaryimage\"},\"thumbnailUrl\":\"https:\\\/\\\/laboiteabijoux.ca\\\/wp-content\\\/uploads\\\/2018\\\/10\\\/or.jpg\",\"datePublished\":\"2018-09-19T13:19:31+00:00\",\"dateModified\":\"2018-10-19T18:39:24+00:00\",\"breadcrumb\":{\"@id\":\"https:\\\/\\\/laboiteabijoux.ca\\\/en\\\/purchase\\\/#breadcrumb\"},\"inLanguage\":\"en-US\",\"potentialAction\":[{\"@type\":\"ReadAction\",\"target\":[\"https:\\\/\\\/laboiteabijoux.ca\\\/en\\\/purchase\\\/\"]}]},{\"@type\":\"ImageObject\",\"inLanguage\":\"en-US\",\"@id\":\"https:\\\/\\\/laboiteabijoux.ca\\\/en\\\/purchase\\\/#primaryimage\",\"url\":\"https:\\\/\\\/laboiteabijoux.ca\\\/wp-content\\\/uploads\\\/2018\\\/10\\\/or.jpg\",\"contentUrl\":\"https:\\\/\\\/laboiteabijoux.ca\\\/wp-content\\\/uploads\\\/2018\\\/10\\\/or.jpg\",\"width\":570,\"height\":387},{\"@type\":\"BreadcrumbList\",\"@id\":\"https:\\\/\\\/laboiteabijoux.ca\\\/en\\\/purchase\\\/#breadcrumb\",\"itemListElement\":[{\"@type\":\"ListItem\",\"position\":1,\"name\":\"Accueil\",\"item\":\"https:\\\/\\\/laboiteabijoux.ca\\\/en\\\/\"},{\"@type\":\"ListItem\",\"position\":2,\"name\":\"Purchase\"}]},{\"@type\":\"WebSite\",\"@id\":\"https:\\\/\\\/laboiteabijoux.ca\\\/en\\\/#website\",\"url\":\"https:\\\/\\\/laboiteabijoux.ca\\\/en\\\/\",\"name\":\"La bo\u00eete \u00e0 bijoux\",\"description\":\"Bijoux d'occasion\",\"publisher\":{\"@id\":\"https:\\\/\\\/laboiteabijoux.ca\\\/en\\\/#organization\"},\"potentialAction\":[{\"@type\":\"SearchAction\",\"target\":{\"@type\":\"EntryPoint\",\"urlTemplate\":\"https:\\\/\\\/laboiteabijoux.ca\\\/en\\\/?s={search_term_string}\"},\"query-input\":{\"@type\":\"PropertyValueSpecification\",\"valueRequired\":true,\"valueName\":\"search_term_string\"}}],\"inLanguage\":\"en-US\"},{\"@type\":\"Organization\",\"@id\":\"https:\\\/\\\/laboiteabijoux.ca\\\/en\\\/#organization\",\"name\":\"La Bo\u00eete \u00e0 Bijoux\",\"url\":\"https:\\\/\\\/laboiteabijoux.ca\\\/en\\\/\",\"logo\":{\"@type\":\"ImageObject\",\"inLanguage\":\"en-US\",\"@id\":\"https:\\\/\\\/laboiteabijoux.ca\\\/en\\\/#\\\/schema\\\/logo\\\/image\\\/\",\"url\":\"https:\\\/\\\/laboiteabijoux.ca\\\/wp-content\\\/uploads\\\/2018\\\/11\\\/logo-boite-a-bijoux-courrie.jpg\",\"contentUrl\":\"https:\\\/\\\/laboiteabijoux.ca\\\/wp-content\\\/uploads\\\/2018\\\/11\\\/logo-boite-a-bijoux-courrie.jpg\",\"width\":340,\"height\":100,\"caption\":\"La Bo\u00eete \u00e0 Bijoux\"},\"image\":{\"@id\":\"https:\\\/\\\/laboiteabijoux.ca\\\/en\\\/#\\\/schema\\\/logo\\\/image\\\/\"}}]}<\/script>\n<!-- \/ Yoast SEO plugin. -->","yoast_head_json":{"title":"Purchase - La Bo\u00eete \u00e0 Bijoux","robots":{"index":"index","follow":"follow","max-snippet":"max-snippet:-1","max-image-preview":"max-image-preview:large","max-video-preview":"max-video-preview:-1"},"canonical":"https:\/\/laboiteabijoux.ca\/en\/purchase\/","og_locale":"en_US","og_type":"article","og_title":"Purchase - La Bo\u00eete \u00e0 Bijoux","og_description":"Purchase of gold At La Bo\u00eete \u00e0 Bijoux, after evaluation by one of our experts, if your gold jewelry is damaged and unfortunately not repairable for a reasonable cost compared to their values \u200b\u200bon the market, we could offer you to redeem them to the value of metal .","og_url":"https:\/\/laboiteabijoux.ca\/en\/purchase\/","og_site_name":"La Bo\u00eete \u00e0 Bijoux","article_modified_time":"2018-10-19T18:39:24+00:00","og_image":[{"width":570,"height":387,"url":"https:\/\/laboiteabijoux.ca\/wp-content\/uploads\/2018\/10\/or.jpg","type":"image\/jpeg"}],"twitter_card":"summary_large_image","schema":{"@context":"https:\/\/schema.org","@graph":[{"@type":"WebPage","@id":"https:\/\/laboiteabijoux.ca\/en\/purchase\/","url":"https:\/\/laboiteabijoux.ca\/en\/purchase\/","name":"Purchase - La Bo\u00eete \u00e0 Bijoux","isPartOf":{"@id":"https:\/\/laboiteabijoux.ca\/en\/#website"},"primaryImageOfPage":{"@id":"https:\/\/laboiteabijoux.ca\/en\/purchase\/#primaryimage"},"image":{"@id":"https:\/\/laboiteabijoux.ca\/en\/purchase\/#primaryimage"},"thumbnailUrl":"https:\/\/laboiteabijoux.ca\/wp-content\/uploads\/2018\/10\/or.jpg","datePublished":"2018-09-19T13:19:31+00:00","dateModified":"2018-10-19T18:39:24+00:00","breadcrumb":{"@id":"https:\/\/laboiteabijoux.ca\/en\/purchase\/#breadcrumb"},"inLanguage":"en-US","potentialAction":[{"@type":"ReadAction","target":["https:\/\/laboiteabijoux.ca\/en\/purchase\/"]}]},{"@type":"ImageObject","inLanguage":"en-US","@id":"https:\/\/laboiteabijoux.ca\/en\/purchase\/#primaryimage","url":"https:\/\/laboiteabijoux.ca\/wp-content\/uploads\/2018\/10\/or.jpg","contentUrl":"https:\/\/laboiteabijoux.ca\/wp-content\/uploads\/2018\/10\/or.jpg","width":570,"height":387},{"@type":"BreadcrumbList","@id":"https:\/\/laboiteabijoux.ca\/en\/purchase\/#breadcrumb","itemListElement":[{"@type":"ListItem","position":1,"name":"Accueil","item":"https:\/\/laboiteabijoux.ca\/en\/"},{"@type":"ListItem","position":2,"name":"Purchase"}]},{"@type":"WebSite","@id":"https:\/\/laboiteabijoux.ca\/en\/#website","url":"https:\/\/laboiteabijoux.ca\/en\/","name":"La bo\u00eete \u00e0 bijoux","description":"Bijoux d'occasion","publisher":{"@id":"https:\/\/laboiteabijoux.ca\/en\/#organization"},"potentialAction":[{"@type":"SearchAction","target":{"@type":"EntryPoint","urlTemplate":"https:\/\/laboiteabijoux.ca\/en\/?s={search_term_string}"},"query-input":{"@type":"PropertyValueSpecification","valueRequired":true,"valueName":"search_term_string"}}],"inLanguage":"en-US"},{"@type":"Organization","@id":"https:\/\/laboiteabijoux.ca\/en\/#organization","name":"La Bo\u00eete \u00e0 Bijoux","url":"https:\/\/laboiteabijoux.ca\/en\/","logo":{"@type":"ImageObject","inLanguage":"en-US","@id":"https:\/\/laboiteabijoux.ca\/en\/#\/schema\/logo\/image\/","url":"https:\/\/laboiteabijoux.ca\/wp-content\/uploads\/2018\/11\/logo-boite-a-bijoux-courrie.jpg","contentUrl":"https:\/\/laboiteabijoux.ca\/wp-content\/uploads\/2018\/11\/logo-boite-a-bijoux-courrie.jpg","width":340,"height":100,"caption":"La Bo\u00eete \u00e0 Bijoux"},"image":{"@id":"https:\/\/laboiteabijoux.ca\/en\/#\/schema\/logo\/image\/"}}]}},"_links":{"self":[{"href":"https:\/\/laboiteabijoux.ca\/en\/wp-json\/wp\/v2\/pages\/7044","targetHints":{"allow":["GET"]}}],"collection":[{"href":"https:\/\/laboiteabijoux.ca\/en\/wp-json\/wp\/v2\/pages"}],"about":[{"href":"https:\/\/laboiteabijoux.ca\/en\/wp-json\/wp\/v2\/types\/page"}],"author":[{"embeddable":true,"href":"https:\/\/laboiteabijoux.ca\/en\/wp-json\/wp\/v2\/users\/2"}],"replies":[{"embeddable":true,"href":"https:\/\/laboiteabijoux.ca\/en\/wp-json\/wp\/v2\/comments?post=7044"}],"version-history":[{"count":0,"href":"https:\/\/laboiteabijoux.ca\/en\/wp-json\/wp\/v2\/pages\/7044\/revisions"}],"wp:featuredmedia":[{"embeddable":true,"href":"https:\/\/laboiteabijoux.ca\/en\/wp-json\/wp\/v2\/media\/7952"}],"wp:attachment":[{"href":"https:\/\/laboiteabijoux.ca\/en\/wp-json\/wp\/v2\/media?parent=7044"}],"curies":[{"name":"wp","href":"https:\/\/api.w.org\/{rel}","templated":true}]}}