{"id":7022,"date":"2018-09-19T09:02:42","date_gmt":"2018-09-19T13:02:42","guid":{"rendered":"https:\/\/laboiteabijoux.ca\/?page_id=7022"},"modified":"2018-10-22T11:22:51","modified_gmt":"2018-10-22T15:22:51","slug":"donation","status":"publish","type":"page","link":"https:\/\/laboiteabijoux.ca\/en\/donation\/","title":{"rendered":"Donation"},"content":{"rendered":"<h3>Can we donate his jewelry to foundations?<\/h3>\n<p>At La Bo\u00eete \u00e0 Bijoux, you can also donate your jewelry and help a good cause. In fact, we have joined forces with several foundations aiming at human health (the Fondation du Qu\u00e9bec Hospital Saint-Fran\u00e7ois d&#8217;Assise, H\u00f4tel-Dieu de Qu\u00e9bec, University Hospital Laval, the Quebec Cancer Foundation, the Foundation of the Michel Sarrazin House, the Alzheimer Society of Quebec). The amount of the sale of your jewel will be donated to the foundation of your choice and a tax receipt will be given to the donor. Check out our brochure &#8220;One jewel &#8230; can do a lot! &#8221; for more information.<\/p>\n","protected":false},"excerpt":{"rendered":"<p>Can we donate his jewelry to foundations? At La Bo\u00eete \u00e0 Bijoux, you can also donate your jewelry and help a good cause. In fact, we have joined forces with several foundations aiming at human health (the Fondation du Qu\u00e9bec Hospital Saint-Fran\u00e7ois d&#8217;Assise, H\u00f4tel-Dieu de Qu\u00e9bec, University Hospital Laval, the Quebec Cancer Foundation, the Foundation<\/p>\n","protected":false},"author":2,"featured_media":7343,"parent":0,"menu_order":0,"comment_status":"closed","ping_status":"closed","template":"","meta":{"footnotes":""},"class_list":["post-7022","page","type-page","status-publish","has-post-thumbnail","hentry"],"yoast_head":"<!-- This site is optimized with the Yoast SEO plugin v27.3 - https:\/\/yoast.com\/product\/yoast-seo-wordpress\/ -->\n<title>Donation - La Bo\u00eete \u00e0 Bijoux<\/title>\n<meta name=\"robots\" content=\"index, follow, max-snippet:-1, max-image-preview:large, max-video-preview:-1\" \/>\n<link rel=\"canonical\" href=\"https:\/\/laboiteabijoux.ca\/en\/donation\/\" \/>\n<meta property=\"og:locale\" content=\"en_US\" \/>\n<meta property=\"og:type\" content=\"article\" \/>\n<meta property=\"og:title\" content=\"Donation - La Bo\u00eete \u00e0 Bijoux\" \/>\n<meta property=\"og:description\" content=\"Can we donate his jewelry to foundations? At La Bo\u00eete \u00e0 Bijoux, you can also donate your jewelry and help a good cause. In fact, we have joined forces with several foundations aiming at human health (the Fondation du Qu\u00e9bec Hospital Saint-Fran\u00e7ois d&#8217;Assise, H\u00f4tel-Dieu de Qu\u00e9bec, University Hospital Laval, the Quebec Cancer Foundation, the Foundation\" \/>\n<meta property=\"og:url\" content=\"https:\/\/laboiteabijoux.ca\/en\/donation\/\" \/>\n<meta property=\"og:site_name\" content=\"La Bo\u00eete \u00e0 Bijoux\" \/>\n<meta property=\"article:modified_time\" content=\"2018-10-22T15:22:51+00:00\" \/>\n<meta property=\"og:image\" content=\"https:\/\/laboiteabijoux.ca\/wp-content\/uploads\/2018\/09\/fondations2.jpg\" \/>\n\t<meta property=\"og:image:width\" content=\"1200\" \/>\n\t<meta property=\"og:image:height\" content=\"832\" \/>\n\t<meta property=\"og:image:type\" content=\"image\/jpeg\" \/>\n<meta name=\"twitter:card\" content=\"summary_large_image\" \/>\n<meta name=\"twitter:label1\" content=\"Est. reading time\" \/>\n\t<meta name=\"twitter:data1\" content=\"1 minute\" \/>\n<script type=\"application\/ld+json\" class=\"yoast-schema-graph\">{\"@context\":\"https:\\\/\\\/schema.org\",\"@graph\":[{\"@type\":\"WebPage\",\"@id\":\"https:\\\/\\\/laboiteabijoux.ca\\\/en\\\/donation\\\/\",\"url\":\"https:\\\/\\\/laboiteabijoux.ca\\\/en\\\/donation\\\/\",\"name\":\"Donation - La Bo\u00eete \u00e0 Bijoux\",\"isPartOf\":{\"@id\":\"https:\\\/\\\/laboiteabijoux.ca\\\/en\\\/#website\"},\"primaryImageOfPage\":{\"@id\":\"https:\\\/\\\/laboiteabijoux.ca\\\/en\\\/donation\\\/#primaryimage\"},\"image\":{\"@id\":\"https:\\\/\\\/laboiteabijoux.ca\\\/en\\\/donation\\\/#primaryimage\"},\"thumbnailUrl\":\"https:\\\/\\\/laboiteabijoux.ca\\\/wp-content\\\/uploads\\\/2018\\\/09\\\/fondations2.jpg\",\"datePublished\":\"2018-09-19T13:02:42+00:00\",\"dateModified\":\"2018-10-22T15:22:51+00:00\",\"breadcrumb\":{\"@id\":\"https:\\\/\\\/laboiteabijoux.ca\\\/en\\\/donation\\\/#breadcrumb\"},\"inLanguage\":\"en-US\",\"potentialAction\":[{\"@type\":\"ReadAction\",\"target\":[\"https:\\\/\\\/laboiteabijoux.ca\\\/en\\\/donation\\\/\"]}]},{\"@type\":\"ImageObject\",\"inLanguage\":\"en-US\",\"@id\":\"https:\\\/\\\/laboiteabijoux.ca\\\/en\\\/donation\\\/#primaryimage\",\"url\":\"https:\\\/\\\/laboiteabijoux.ca\\\/wp-content\\\/uploads\\\/2018\\\/09\\\/fondations2.jpg\",\"contentUrl\":\"https:\\\/\\\/laboiteabijoux.ca\\\/wp-content\\\/uploads\\\/2018\\\/09\\\/fondations2.jpg\",\"width\":1200,\"height\":832},{\"@type\":\"BreadcrumbList\",\"@id\":\"https:\\\/\\\/laboiteabijoux.ca\\\/en\\\/donation\\\/#breadcrumb\",\"itemListElement\":[{\"@type\":\"ListItem\",\"position\":1,\"name\":\"Accueil\",\"item\":\"https:\\\/\\\/laboiteabijoux.ca\\\/en\\\/\"},{\"@type\":\"ListItem\",\"position\":2,\"name\":\"Donation\"}]},{\"@type\":\"WebSite\",\"@id\":\"https:\\\/\\\/laboiteabijoux.ca\\\/en\\\/#website\",\"url\":\"https:\\\/\\\/laboiteabijoux.ca\\\/en\\\/\",\"name\":\"La bo\u00eete \u00e0 bijoux\",\"description\":\"Bijoux d'occasion\",\"publisher\":{\"@id\":\"https:\\\/\\\/laboiteabijoux.ca\\\/en\\\/#organization\"},\"potentialAction\":[{\"@type\":\"SearchAction\",\"target\":{\"@type\":\"EntryPoint\",\"urlTemplate\":\"https:\\\/\\\/laboiteabijoux.ca\\\/en\\\/?s={search_term_string}\"},\"query-input\":{\"@type\":\"PropertyValueSpecification\",\"valueRequired\":true,\"valueName\":\"search_term_string\"}}],\"inLanguage\":\"en-US\"},{\"@type\":\"Organization\",\"@id\":\"https:\\\/\\\/laboiteabijoux.ca\\\/en\\\/#organization\",\"name\":\"La Bo\u00eete \u00e0 Bijoux\",\"url\":\"https:\\\/\\\/laboiteabijoux.ca\\\/en\\\/\",\"logo\":{\"@type\":\"ImageObject\",\"inLanguage\":\"en-US\",\"@id\":\"https:\\\/\\\/laboiteabijoux.ca\\\/en\\\/#\\\/schema\\\/logo\\\/image\\\/\",\"url\":\"https:\\\/\\\/laboiteabijoux.ca\\\/wp-content\\\/uploads\\\/2018\\\/11\\\/logo-boite-a-bijoux-courrie.jpg\",\"contentUrl\":\"https:\\\/\\\/laboiteabijoux.ca\\\/wp-content\\\/uploads\\\/2018\\\/11\\\/logo-boite-a-bijoux-courrie.jpg\",\"width\":340,\"height\":100,\"caption\":\"La Bo\u00eete \u00e0 Bijoux\"},\"image\":{\"@id\":\"https:\\\/\\\/laboiteabijoux.ca\\\/en\\\/#\\\/schema\\\/logo\\\/image\\\/\"}}]}<\/script>\n<!-- \/ Yoast SEO plugin. -->","yoast_head_json":{"title":"Donation - La Bo\u00eete \u00e0 Bijoux","robots":{"index":"index","follow":"follow","max-snippet":"max-snippet:-1","max-image-preview":"max-image-preview:large","max-video-preview":"max-video-preview:-1"},"canonical":"https:\/\/laboiteabijoux.ca\/en\/donation\/","og_locale":"en_US","og_type":"article","og_title":"Donation - La Bo\u00eete \u00e0 Bijoux","og_description":"Can we donate his jewelry to foundations? At La Bo\u00eete \u00e0 Bijoux, you can also donate your jewelry and help a good cause. In fact, we have joined forces with several foundations aiming at human health (the Fondation du Qu\u00e9bec Hospital Saint-Fran\u00e7ois d&#8217;Assise, H\u00f4tel-Dieu de Qu\u00e9bec, University Hospital Laval, the Quebec Cancer Foundation, the Foundation","og_url":"https:\/\/laboiteabijoux.ca\/en\/donation\/","og_site_name":"La Bo\u00eete \u00e0 Bijoux","article_modified_time":"2018-10-22T15:22:51+00:00","og_image":[{"width":1200,"height":832,"url":"https:\/\/laboiteabijoux.ca\/wp-content\/uploads\/2018\/09\/fondations2.jpg","type":"image\/jpeg"}],"twitter_card":"summary_large_image","twitter_misc":{"Est. reading time":"1 minute"},"schema":{"@context":"https:\/\/schema.org","@graph":[{"@type":"WebPage","@id":"https:\/\/laboiteabijoux.ca\/en\/donation\/","url":"https:\/\/laboiteabijoux.ca\/en\/donation\/","name":"Donation - La Bo\u00eete \u00e0 Bijoux","isPartOf":{"@id":"https:\/\/laboiteabijoux.ca\/en\/#website"},"primaryImageOfPage":{"@id":"https:\/\/laboiteabijoux.ca\/en\/donation\/#primaryimage"},"image":{"@id":"https:\/\/laboiteabijoux.ca\/en\/donation\/#primaryimage"},"thumbnailUrl":"https:\/\/laboiteabijoux.ca\/wp-content\/uploads\/2018\/09\/fondations2.jpg","datePublished":"2018-09-19T13:02:42+00:00","dateModified":"2018-10-22T15:22:51+00:00","breadcrumb":{"@id":"https:\/\/laboiteabijoux.ca\/en\/donation\/#breadcrumb"},"inLanguage":"en-US","potentialAction":[{"@type":"ReadAction","target":["https:\/\/laboiteabijoux.ca\/en\/donation\/"]}]},{"@type":"ImageObject","inLanguage":"en-US","@id":"https:\/\/laboiteabijoux.ca\/en\/donation\/#primaryimage","url":"https:\/\/laboiteabijoux.ca\/wp-content\/uploads\/2018\/09\/fondations2.jpg","contentUrl":"https:\/\/laboiteabijoux.ca\/wp-content\/uploads\/2018\/09\/fondations2.jpg","width":1200,"height":832},{"@type":"BreadcrumbList","@id":"https:\/\/laboiteabijoux.ca\/en\/donation\/#breadcrumb","itemListElement":[{"@type":"ListItem","position":1,"name":"Accueil","item":"https:\/\/laboiteabijoux.ca\/en\/"},{"@type":"ListItem","position":2,"name":"Donation"}]},{"@type":"WebSite","@id":"https:\/\/laboiteabijoux.ca\/en\/#website","url":"https:\/\/laboiteabijoux.ca\/en\/","name":"La bo\u00eete \u00e0 bijoux","description":"Bijoux d'occasion","publisher":{"@id":"https:\/\/laboiteabijoux.ca\/en\/#organization"},"potentialAction":[{"@type":"SearchAction","target":{"@type":"EntryPoint","urlTemplate":"https:\/\/laboiteabijoux.ca\/en\/?s={search_term_string}"},"query-input":{"@type":"PropertyValueSpecification","valueRequired":true,"valueName":"search_term_string"}}],"inLanguage":"en-US"},{"@type":"Organization","@id":"https:\/\/laboiteabijoux.ca\/en\/#organization","name":"La Bo\u00eete \u00e0 Bijoux","url":"https:\/\/laboiteabijoux.ca\/en\/","logo":{"@type":"ImageObject","inLanguage":"en-US","@id":"https:\/\/laboiteabijoux.ca\/en\/#\/schema\/logo\/image\/","url":"https:\/\/laboiteabijoux.ca\/wp-content\/uploads\/2018\/11\/logo-boite-a-bijoux-courrie.jpg","contentUrl":"https:\/\/laboiteabijoux.ca\/wp-content\/uploads\/2018\/11\/logo-boite-a-bijoux-courrie.jpg","width":340,"height":100,"caption":"La Bo\u00eete \u00e0 Bijoux"},"image":{"@id":"https:\/\/laboiteabijoux.ca\/en\/#\/schema\/logo\/image\/"}}]}},"_links":{"self":[{"href":"https:\/\/laboiteabijoux.ca\/en\/wp-json\/wp\/v2\/pages\/7022","targetHints":{"allow":["GET"]}}],"collection":[{"href":"https:\/\/laboiteabijoux.ca\/en\/wp-json\/wp\/v2\/pages"}],"about":[{"href":"https:\/\/laboiteabijoux.ca\/en\/wp-json\/wp\/v2\/types\/page"}],"author":[{"embeddable":true,"href":"https:\/\/laboiteabijoux.ca\/en\/wp-json\/wp\/v2\/users\/2"}],"replies":[{"embeddable":true,"href":"https:\/\/laboiteabijoux.ca\/en\/wp-json\/wp\/v2\/comments?post=7022"}],"version-history":[{"count":0,"href":"https:\/\/laboiteabijoux.ca\/en\/wp-json\/wp\/v2\/pages\/7022\/revisions"}],"wp:featuredmedia":[{"embeddable":true,"href":"https:\/\/laboiteabijoux.ca\/en\/wp-json\/wp\/v2\/media\/7343"}],"wp:attachment":[{"href":"https:\/\/laboiteabijoux.ca\/en\/wp-json\/wp\/v2\/media?parent=7022"}],"curies":[{"name":"wp","href":"https:\/\/api.w.org\/{rel}","templated":true}]}}