{"id":12538,"date":"2019-11-06T10:54:34","date_gmt":"2019-11-06T15:54:34","guid":{"rendered":"https:\/\/laboiteabijoux.ca\/services-2\/"},"modified":"2019-11-06T10:54:37","modified_gmt":"2019-11-06T15:54:37","slug":"services-2","status":"publish","type":"page","link":"https:\/\/laboiteabijoux.ca\/en\/services-2\/","title":{"rendered":"Services"},"content":{"rendered":"\n<div class=\"wp-block-columns has-2-columns is-layout-flex wp-container-core-columns-is-layout-9d6595d7 wp-block-columns-is-layout-flex\">\n<div class=\"wp-block-column is-layout-flow wp-block-column-is-layout-flow\">\n<h2 class=\"block--text__title wp-block-heading\">Understand the fair market value of a second-hand jewel<\/h2>\n\n\n\n<p class=\"block--text__body\">At La Bo\u00eete \u00e0 Bijoux, we offer appraising services in a top-notch gemology laboratory. These specialized services will allow you to assess the fair market value of jewellery, whether you are a buyer or a seller.<\/p>\n<\/div>\n\n\n\n<div class=\"wp-block-column is-layout-flow wp-block-column-is-layout-flow\">\n<figure class=\"wp-block-image\"><img loading=\"lazy\" decoding=\"async\" width=\"1200\" height=\"832\" src=\"https:\/\/laboiteabijoux.ca\/wp-content\/uploads\/2018\/09\/valeur.jpg\" alt=\"\" class=\"wp-image-6992\" srcset=\"https:\/\/laboiteabijoux.ca\/wp-content\/uploads\/2018\/09\/valeur.jpg 1200w, https:\/\/laboiteabijoux.ca\/wp-content\/uploads\/2018\/09\/valeur-300x208.jpg 300w, https:\/\/laboiteabijoux.ca\/wp-content\/uploads\/2018\/09\/valeur-768x532.jpg 768w, https:\/\/laboiteabijoux.ca\/wp-content\/uploads\/2018\/09\/valeur-600x416.jpg 600w\" sizes=\"auto, (max-width: 1200px) 100vw, 1200px\" \/><\/figure>\n<\/div>\n<\/div>\n\n<div class=\"wp-block-columns has-2-columns is-layout-flex wp-container-core-columns-is-layout-9d6595d7 wp-block-columns-is-layout-flex\">\n<div class=\"wp-block-column is-layout-flow wp-block-column-is-layout-flow\">\n<h2 class=\"block--text__title wp-block-heading\">Estimation of your jewelry by experts<\/h2>\n\n\n\n<p class=\"block--text__body\">It is important to have your jewelry evaluated by a specialist who knows the antique jewelry market. Several criteria are taken into consideration to determine the value of the jewel: the type of metal, the quality of manufacture, the value of the stones, the state of conservation, the style, the authenticity and the time of the jewel.<\/p>\n<\/div>\n\n\n\n<div class=\"wp-block-column is-layout-flow wp-block-column-is-layout-flow\">\n<figure class=\"wp-block-image\"><img loading=\"lazy\" decoding=\"async\" width=\"1200\" height=\"832\" src=\"https:\/\/laboiteabijoux.ca\/wp-content\/uploads\/2018\/09\/jocelyne-travail.jpg\" alt=\"\" class=\"wp-image-7236\" srcset=\"https:\/\/laboiteabijoux.ca\/wp-content\/uploads\/2018\/09\/jocelyne-travail.jpg 1200w, https:\/\/laboiteabijoux.ca\/wp-content\/uploads\/2018\/09\/jocelyne-travail-300x208.jpg 300w, https:\/\/laboiteabijoux.ca\/wp-content\/uploads\/2018\/09\/jocelyne-travail-768x532.jpg 768w, https:\/\/laboiteabijoux.ca\/wp-content\/uploads\/2018\/09\/jocelyne-travail-600x416.jpg 600w\" sizes=\"auto, (max-width: 1200px) 100vw, 1200px\" \/><\/figure>\n<\/div>\n<\/div>\n\n<div class=\"wp-block-columns has-2-columns is-layout-flex wp-container-core-columns-is-layout-9d6595d7 wp-block-columns-is-layout-flex\">\n<div class=\"wp-block-column is-layout-flow wp-block-column-is-layout-flow\">\n<h2 class=\"wp-block-heading\">Restoration of your jewelry by specialists<\/h2>\n\n\n\n<p>It is important to choose an expert who will respect the original condition of your jewel during the restoration. The use of vintage clasps and clasps helps maintain the authentic look of the room. At La Bo\u00eete \u00e0 Bijoux, a broken diamond can be re-cut, gold repaired by laser, peeled enamel can be retouched, etc. Our expert team allows us to revive the original brilliance of your jewelry.<\/p>\n<\/div>\n\n\n\n<div class=\"wp-block-column is-layout-flow wp-block-column-is-layout-flow\">\n<figure class=\"wp-block-image\"><img loading=\"lazy\" decoding=\"async\" width=\"570\" height=\"570\" src=\"https:\/\/laboiteabijoux.ca\/wp-content\/uploads\/2018\/10\/evaluation-loupe.jpg\" alt=\"\" class=\"wp-image-7949\" srcset=\"https:\/\/laboiteabijoux.ca\/wp-content\/uploads\/2018\/10\/evaluation-loupe.jpg 570w, https:\/\/laboiteabijoux.ca\/wp-content\/uploads\/2018\/10\/evaluation-loupe-150x150.jpg 150w, https:\/\/laboiteabijoux.ca\/wp-content\/uploads\/2018\/10\/evaluation-loupe-300x300.jpg 300w, https:\/\/laboiteabijoux.ca\/wp-content\/uploads\/2018\/10\/evaluation-loupe-100x100.jpg 100w\" sizes=\"auto, (max-width: 570px) 100vw, 570px\" \/><\/figure>\n<\/div>\n<\/div>\n\n<div class=\"wp-block-columns has-2-columns is-layout-flex wp-container-core-columns-is-layout-9d6595d7 wp-block-columns-is-layout-flex\">\n<div class=\"wp-block-column is-layout-flow wp-block-column-is-layout-flow\">\n<h2 class=\"block--text__title wp-block-heading\">Have your jewelry properly cleaned<\/h2>\n\n\n\n<p class=\"block--text__body\">La Bo\u00eete \u00e0 Bijoux will clean while maintaining the patina of your jewelry (silky aspect that takes the metal over time). Delicate stones (pearls, coral, ivory, cameos, emeralds, etc.) require special attention.<\/p>\n<\/div>\n\n\n\n<div class=\"wp-block-column is-layout-flow wp-block-column-is-layout-flow\">\n<figure class=\"wp-block-image\"><img loading=\"lazy\" decoding=\"async\" width=\"1200\" height=\"832\" src=\"https:\/\/laboiteabijoux.ca\/wp-content\/uploads\/2018\/09\/nettoyage.jpg\" alt=\"\" class=\"wp-image-7251\" srcset=\"https:\/\/laboiteabijoux.ca\/wp-content\/uploads\/2018\/09\/nettoyage.jpg 1200w, https:\/\/laboiteabijoux.ca\/wp-content\/uploads\/2018\/09\/nettoyage-300x208.jpg 300w, https:\/\/laboiteabijoux.ca\/wp-content\/uploads\/2018\/09\/nettoyage-768x532.jpg 768w, https:\/\/laboiteabijoux.ca\/wp-content\/uploads\/2018\/09\/nettoyage-600x416.jpg 600w\" sizes=\"auto, (max-width: 1200px) 100vw, 1200px\" \/><\/figure>\n<\/div>\n<\/div>\n\n<div class=\"wp-block-columns has-2-columns is-layout-flex wp-container-core-columns-is-layout-9d6595d7 wp-block-columns-is-layout-flex\">\n<div class=\"wp-block-column is-layout-flow wp-block-column-is-layout-flow\">\n<h2 class=\"wp-block-heading\">Purchase of gold<\/h2>\n\n\n\n<p>At La Bo\u00eete \u00e0 Bijoux, after evaluation by one of our experts, if your gold jewelry is damaged and unfortunately not repairable for a reasonable cost compared to their values \u200b\u200bon the market, we could offer you to redeem them to the value of metal .<\/p>\n<\/div>\n\n\n\n<div class=\"wp-block-column is-layout-flow wp-block-column-is-layout-flow\">\n<figure class=\"wp-block-image\"><img loading=\"lazy\" decoding=\"async\" width=\"570\" height=\"387\" src=\"https:\/\/laboiteabijoux.ca\/wp-content\/uploads\/2018\/10\/or.jpg\" alt=\"\" class=\"wp-image-7951\" srcset=\"https:\/\/laboiteabijoux.ca\/wp-content\/uploads\/2018\/10\/or.jpg 570w, https:\/\/laboiteabijoux.ca\/wp-content\/uploads\/2018\/10\/or-300x204.jpg 300w\" sizes=\"auto, (max-width: 570px) 100vw, 570px\" \/><\/figure>\n<\/div>\n<\/div>\n","protected":false},"excerpt":{"rendered":"<p>Understand the fair market value of a second-hand jewel At La Bo\u00eete \u00e0 Bijoux, we offer appraising services in a top-notch gemology laboratory. These specialized services will allow you to assess the fair market value of jewellery, whether you are a buyer or a seller. Estimation of your jewelry by experts It is important to<\/p>\n","protected":false},"author":2,"featured_media":0,"parent":0,"menu_order":0,"comment_status":"closed","ping_status":"closed","template":"page-templates\/fullwidthpage.php","meta":{"footnotes":""},"class_list":["post-12538","page","type-page","status-publish","hentry"],"yoast_head":"<!-- This site is optimized with the Yoast SEO plugin v27.4 - https:\/\/yoast.com\/product\/yoast-seo-wordpress\/ -->\n<title>Services - La Bo\u00eete \u00e0 Bijoux<\/title>\n<meta name=\"robots\" content=\"index, follow, max-snippet:-1, max-image-preview:large, max-video-preview:-1\" \/>\n<link rel=\"canonical\" href=\"https:\/\/laboiteabijoux.ca\/en\/services-2\/\" \/>\n<meta property=\"og:locale\" content=\"en_US\" \/>\n<meta property=\"og:type\" content=\"article\" \/>\n<meta property=\"og:title\" content=\"Services - La Bo\u00eete \u00e0 Bijoux\" \/>\n<meta property=\"og:description\" content=\"Understand the fair market value of a second-hand jewel At La Bo\u00eete \u00e0 Bijoux, we offer appraising services in a top-notch gemology laboratory. These specialized services will allow you to assess the fair market value of jewellery, whether you are a buyer or a seller. Estimation of your jewelry by experts It is important to\" \/>\n<meta property=\"og:url\" content=\"https:\/\/laboiteabijoux.ca\/en\/services-2\/\" \/>\n<meta property=\"og:site_name\" content=\"La Bo\u00eete \u00e0 Bijoux\" \/>\n<meta property=\"article:modified_time\" content=\"2019-11-06T15:54:37+00:00\" \/>\n<meta property=\"og:image\" content=\"https:\/\/laboiteabijoux.ca\/wp-content\/uploads\/2018\/09\/valeur-1024x710.jpg\" \/>\n<meta name=\"twitter:card\" content=\"summary_large_image\" \/>\n<meta name=\"twitter:label1\" content=\"Est. reading time\" \/>\n\t<meta name=\"twitter:data1\" content=\"1 minute\" \/>\n<script type=\"application\/ld+json\" class=\"yoast-schema-graph\">{\"@context\":\"https:\\\/\\\/schema.org\",\"@graph\":[{\"@type\":\"WebPage\",\"@id\":\"https:\\\/\\\/laboiteabijoux.ca\\\/en\\\/services-2\\\/\",\"url\":\"https:\\\/\\\/laboiteabijoux.ca\\\/en\\\/services-2\\\/\",\"name\":\"Services - La Bo\u00eete \u00e0 Bijoux\",\"isPartOf\":{\"@id\":\"https:\\\/\\\/laboiteabijoux.ca\\\/en\\\/#website\"},\"primaryImageOfPage\":{\"@id\":\"https:\\\/\\\/laboiteabijoux.ca\\\/en\\\/services-2\\\/#primaryimage\"},\"image\":{\"@id\":\"https:\\\/\\\/laboiteabijoux.ca\\\/en\\\/services-2\\\/#primaryimage\"},\"thumbnailUrl\":\"https:\\\/\\\/laboiteabijoux.ca\\\/wp-content\\\/uploads\\\/2018\\\/09\\\/valeur.jpg\",\"datePublished\":\"2019-11-06T15:54:34+00:00\",\"dateModified\":\"2019-11-06T15:54:37+00:00\",\"breadcrumb\":{\"@id\":\"https:\\\/\\\/laboiteabijoux.ca\\\/en\\\/services-2\\\/#breadcrumb\"},\"inLanguage\":\"en-US\",\"potentialAction\":[{\"@type\":\"ReadAction\",\"target\":[\"https:\\\/\\\/laboiteabijoux.ca\\\/en\\\/services-2\\\/\"]}]},{\"@type\":\"ImageObject\",\"inLanguage\":\"en-US\",\"@id\":\"https:\\\/\\\/laboiteabijoux.ca\\\/en\\\/services-2\\\/#primaryimage\",\"url\":\"https:\\\/\\\/laboiteabijoux.ca\\\/wp-content\\\/uploads\\\/2018\\\/09\\\/valeur.jpg\",\"contentUrl\":\"https:\\\/\\\/laboiteabijoux.ca\\\/wp-content\\\/uploads\\\/2018\\\/09\\\/valeur.jpg\"},{\"@type\":\"BreadcrumbList\",\"@id\":\"https:\\\/\\\/laboiteabijoux.ca\\\/en\\\/services-2\\\/#breadcrumb\",\"itemListElement\":[{\"@type\":\"ListItem\",\"position\":1,\"name\":\"Accueil\",\"item\":\"https:\\\/\\\/laboiteabijoux.ca\\\/en\\\/\"},{\"@type\":\"ListItem\",\"position\":2,\"name\":\"Services\"}]},{\"@type\":\"WebSite\",\"@id\":\"https:\\\/\\\/laboiteabijoux.ca\\\/en\\\/#website\",\"url\":\"https:\\\/\\\/laboiteabijoux.ca\\\/en\\\/\",\"name\":\"La bo\u00eete \u00e0 bijoux\",\"description\":\"Bijoux d'occasion\",\"publisher\":{\"@id\":\"https:\\\/\\\/laboiteabijoux.ca\\\/en\\\/#organization\"},\"potentialAction\":[{\"@type\":\"SearchAction\",\"target\":{\"@type\":\"EntryPoint\",\"urlTemplate\":\"https:\\\/\\\/laboiteabijoux.ca\\\/en\\\/?s={search_term_string}\"},\"query-input\":{\"@type\":\"PropertyValueSpecification\",\"valueRequired\":true,\"valueName\":\"search_term_string\"}}],\"inLanguage\":\"en-US\"},{\"@type\":\"Organization\",\"@id\":\"https:\\\/\\\/laboiteabijoux.ca\\\/en\\\/#organization\",\"name\":\"La Bo\u00eete \u00e0 Bijoux\",\"url\":\"https:\\\/\\\/laboiteabijoux.ca\\\/en\\\/\",\"logo\":{\"@type\":\"ImageObject\",\"inLanguage\":\"en-US\",\"@id\":\"https:\\\/\\\/laboiteabijoux.ca\\\/en\\\/#\\\/schema\\\/logo\\\/image\\\/\",\"url\":\"https:\\\/\\\/laboiteabijoux.ca\\\/wp-content\\\/uploads\\\/2018\\\/11\\\/logo-boite-a-bijoux-courrie.jpg\",\"contentUrl\":\"https:\\\/\\\/laboiteabijoux.ca\\\/wp-content\\\/uploads\\\/2018\\\/11\\\/logo-boite-a-bijoux-courrie.jpg\",\"width\":340,\"height\":100,\"caption\":\"La Bo\u00eete \u00e0 Bijoux\"},\"image\":{\"@id\":\"https:\\\/\\\/laboiteabijoux.ca\\\/en\\\/#\\\/schema\\\/logo\\\/image\\\/\"}}]}<\/script>\n<!-- \/ Yoast SEO plugin. -->","yoast_head_json":{"title":"Services - La Bo\u00eete \u00e0 Bijoux","robots":{"index":"index","follow":"follow","max-snippet":"max-snippet:-1","max-image-preview":"max-image-preview:large","max-video-preview":"max-video-preview:-1"},"canonical":"https:\/\/laboiteabijoux.ca\/en\/services-2\/","og_locale":"en_US","og_type":"article","og_title":"Services - La Bo\u00eete \u00e0 Bijoux","og_description":"Understand the fair market value of a second-hand jewel At La Bo\u00eete \u00e0 Bijoux, we offer appraising services in a top-notch gemology laboratory. These specialized services will allow you to assess the fair market value of jewellery, whether you are a buyer or a seller. Estimation of your jewelry by experts It is important to","og_url":"https:\/\/laboiteabijoux.ca\/en\/services-2\/","og_site_name":"La Bo\u00eete \u00e0 Bijoux","article_modified_time":"2019-11-06T15:54:37+00:00","og_image":[{"url":"https:\/\/laboiteabijoux.ca\/wp-content\/uploads\/2018\/09\/valeur-1024x710.jpg","type":"","width":"","height":""}],"twitter_card":"summary_large_image","twitter_misc":{"Est. reading time":"1 minute"},"schema":{"@context":"https:\/\/schema.org","@graph":[{"@type":"WebPage","@id":"https:\/\/laboiteabijoux.ca\/en\/services-2\/","url":"https:\/\/laboiteabijoux.ca\/en\/services-2\/","name":"Services - La Bo\u00eete \u00e0 Bijoux","isPartOf":{"@id":"https:\/\/laboiteabijoux.ca\/en\/#website"},"primaryImageOfPage":{"@id":"https:\/\/laboiteabijoux.ca\/en\/services-2\/#primaryimage"},"image":{"@id":"https:\/\/laboiteabijoux.ca\/en\/services-2\/#primaryimage"},"thumbnailUrl":"https:\/\/laboiteabijoux.ca\/wp-content\/uploads\/2018\/09\/valeur.jpg","datePublished":"2019-11-06T15:54:34+00:00","dateModified":"2019-11-06T15:54:37+00:00","breadcrumb":{"@id":"https:\/\/laboiteabijoux.ca\/en\/services-2\/#breadcrumb"},"inLanguage":"en-US","potentialAction":[{"@type":"ReadAction","target":["https:\/\/laboiteabijoux.ca\/en\/services-2\/"]}]},{"@type":"ImageObject","inLanguage":"en-US","@id":"https:\/\/laboiteabijoux.ca\/en\/services-2\/#primaryimage","url":"https:\/\/laboiteabijoux.ca\/wp-content\/uploads\/2018\/09\/valeur.jpg","contentUrl":"https:\/\/laboiteabijoux.ca\/wp-content\/uploads\/2018\/09\/valeur.jpg"},{"@type":"BreadcrumbList","@id":"https:\/\/laboiteabijoux.ca\/en\/services-2\/#breadcrumb","itemListElement":[{"@type":"ListItem","position":1,"name":"Accueil","item":"https:\/\/laboiteabijoux.ca\/en\/"},{"@type":"ListItem","position":2,"name":"Services"}]},{"@type":"WebSite","@id":"https:\/\/laboiteabijoux.ca\/en\/#website","url":"https:\/\/laboiteabijoux.ca\/en\/","name":"La bo\u00eete \u00e0 bijoux","description":"Bijoux d'occasion","publisher":{"@id":"https:\/\/laboiteabijoux.ca\/en\/#organization"},"potentialAction":[{"@type":"SearchAction","target":{"@type":"EntryPoint","urlTemplate":"https:\/\/laboiteabijoux.ca\/en\/?s={search_term_string}"},"query-input":{"@type":"PropertyValueSpecification","valueRequired":true,"valueName":"search_term_string"}}],"inLanguage":"en-US"},{"@type":"Organization","@id":"https:\/\/laboiteabijoux.ca\/en\/#organization","name":"La Bo\u00eete \u00e0 Bijoux","url":"https:\/\/laboiteabijoux.ca\/en\/","logo":{"@type":"ImageObject","inLanguage":"en-US","@id":"https:\/\/laboiteabijoux.ca\/en\/#\/schema\/logo\/image\/","url":"https:\/\/laboiteabijoux.ca\/wp-content\/uploads\/2018\/11\/logo-boite-a-bijoux-courrie.jpg","contentUrl":"https:\/\/laboiteabijoux.ca\/wp-content\/uploads\/2018\/11\/logo-boite-a-bijoux-courrie.jpg","width":340,"height":100,"caption":"La Bo\u00eete \u00e0 Bijoux"},"image":{"@id":"https:\/\/laboiteabijoux.ca\/en\/#\/schema\/logo\/image\/"}}]}},"_links":{"self":[{"href":"https:\/\/laboiteabijoux.ca\/en\/wp-json\/wp\/v2\/pages\/12538","targetHints":{"allow":["GET"]}}],"collection":[{"href":"https:\/\/laboiteabijoux.ca\/en\/wp-json\/wp\/v2\/pages"}],"about":[{"href":"https:\/\/laboiteabijoux.ca\/en\/wp-json\/wp\/v2\/types\/page"}],"author":[{"embeddable":true,"href":"https:\/\/laboiteabijoux.ca\/en\/wp-json\/wp\/v2\/users\/2"}],"replies":[{"embeddable":true,"href":"https:\/\/laboiteabijoux.ca\/en\/wp-json\/wp\/v2\/comments?post=12538"}],"version-history":[{"count":0,"href":"https:\/\/laboiteabijoux.ca\/en\/wp-json\/wp\/v2\/pages\/12538\/revisions"}],"wp:attachment":[{"href":"https:\/\/laboiteabijoux.ca\/en\/wp-json\/wp\/v2\/media?parent=12538"}],"curies":[{"name":"wp","href":"https:\/\/api.w.org\/{rel}","templated":true}]}}